{"id":14,"date":"2023-09-29T17:10:23","date_gmt":"2023-09-29T15:10:23","guid":{"rendered":"https:\/\/cobocookies.dsign.it\/homepage-it\/"},"modified":"2023-09-29T17:37:51","modified_gmt":"2023-09-29T15:37:51","slug":"homepage-it","status":"publish","type":"page","link":"https:\/\/cobocookies.dsign.it\/fr\/","title":{"rendered":"Homepage FR"},"content":{"rendered":"\n<p>Nous \u00e9tions \u00e0 l\u2019\u00c9tude, quand le Proviseur entra, suivi d\u2019un nouveau habill\u00e9 en bourgeois et d\u2019un gar\u00e7on de classe qui portait un grand pupitre. Ceux qui dormaient se r\u00e9veill\u00e8rent, et chacun se leva comme surpris dans son travail.<br>Le Proviseur nous fit signe de nous rasseoir ; puis, se tour-nant vers le ma\u00eetre d\u2019\u00e9tudes :<br>\u2013 Monsieur Roger, lui dit-il \u00e0 demi-voix, voici un \u00e9l\u00e8ve que je vous recommande, il entre en cinqui\u00e8me. Si son travail et sa conduite sont m\u00e9ritoires, il passera dans les grands, o\u00f9 l\u2019appelle son \u00e2ge.<\/p>\n","protected":false},"excerpt":{"rendered":"<p>Nous \u00e9tions \u00e0 l\u2019\u00c9tude, quand le Proviseur entra, suivi d\u2019un nouveau habill\u00e9 en bourgeois et d\u2019un gar\u00e7on de classe qui portait un grand pupitre. Ceux qui dormaient se r\u00e9veill\u00e8rent, et chacun se leva comme surpris dans son travail.Le Proviseur nous fit signe de nous rasseoir ; puis, se tour-nant vers le ma\u00eetre d\u2019\u00e9tudes :\u2013 Monsieur [&hellip;]<\/p>\n","protected":false},"author":1,"featured_media":0,"parent":0,"menu_order":0,"comment_status":"closed","ping_status":"closed","template":"","meta":{"footnotes":""},"class_list":["post-14","page","type-page","status-publish","hentry"],"_links":{"self":[{"href":"https:\/\/cobocookies.dsign.it\/fr\/wp-json\/wp\/v2\/pages\/14","targetHints":{"allow":["GET"]}}],"collection":[{"href":"https:\/\/cobocookies.dsign.it\/fr\/wp-json\/wp\/v2\/pages"}],"about":[{"href":"https:\/\/cobocookies.dsign.it\/fr\/wp-json\/wp\/v2\/types\/page"}],"author":[{"embeddable":true,"href":"https:\/\/cobocookies.dsign.it\/fr\/wp-json\/wp\/v2\/users\/1"}],"replies":[{"embeddable":true,"href":"https:\/\/cobocookies.dsign.it\/fr\/wp-json\/wp\/v2\/comments?post=14"}],"version-history":[{"count":2,"href":"https:\/\/cobocookies.dsign.it\/fr\/wp-json\/wp\/v2\/pages\/14\/revisions"}],"predecessor-version":[{"id":19,"href":"https:\/\/cobocookies.dsign.it\/fr\/wp-json\/wp\/v2\/pages\/14\/revisions\/19"}],"wp:attachment":[{"href":"https:\/\/cobocookies.dsign.it\/fr\/wp-json\/wp\/v2\/media?parent=14"}],"curies":[{"name":"wp","href":"https:\/\/api.w.org\/{rel}","templated":true}]}}