{"id":21,"date":"2023-09-29T17:10:23","date_gmt":"2023-09-29T15:10:23","guid":{"rendered":"https:\/\/cobocookies.dsign.it\/homepage-it\/"},"modified":"2023-09-29T17:52:50","modified_gmt":"2023-09-29T15:52:50","slug":"homepage-it","status":"publish","type":"page","link":"https:\/\/cobocookies.dsign.it\/es\/","title":{"rendered":"Homepage ES"},"content":{"rendered":"\n<p><br>En\u00a0un lugar de la Mancha, de cuyo nombre no quiero acordarme, no ha mucho tiempo que viv\u00eda un hidalgo de los de lanza en astillero, adarga antigua, roc\u00edn flaco y galgo corredor. Una olla de algo m\u00e1s vaca que carnero, salpic\u00f3n las m\u00e1s noches, duelos y quebrantos los s\u00e1bados, lantejas los viernes, alg\u00fan palomino de a\u00f1adidura los domingos, consum\u00edan las tres partes de su hacienda. El resto della conclu\u00edan sayo de velarte, calzas de velludo para las fiestas, con sus pantuflos de lo mismo, y los d\u00edas de entre\u00a0semana se honraba con su vellor\u00ed de lo m\u00e1s fino.<\/p>\n","protected":false},"excerpt":{"rendered":"<p>En\u00a0un lugar de la Mancha, de cuyo nombre no quiero acordarme, no ha mucho tiempo que viv\u00eda un hidalgo de los de lanza en astillero, adarga antigua, roc\u00edn flaco y galgo corredor. Una olla de algo m\u00e1s vaca que carnero, salpic\u00f3n las m\u00e1s noches, duelos y quebrantos los s\u00e1bados, lantejas los viernes, alg\u00fan palomino de [&hellip;]<\/p>\n","protected":false},"author":1,"featured_media":0,"parent":0,"menu_order":0,"comment_status":"closed","ping_status":"closed","template":"","meta":{"footnotes":""},"class_list":["post-21","page","type-page","status-publish","hentry"],"_links":{"self":[{"href":"https:\/\/cobocookies.dsign.it\/es\/wp-json\/wp\/v2\/pages\/21","targetHints":{"allow":["GET"]}}],"collection":[{"href":"https:\/\/cobocookies.dsign.it\/es\/wp-json\/wp\/v2\/pages"}],"about":[{"href":"https:\/\/cobocookies.dsign.it\/es\/wp-json\/wp\/v2\/types\/page"}],"author":[{"embeddable":true,"href":"https:\/\/cobocookies.dsign.it\/es\/wp-json\/wp\/v2\/users\/1"}],"replies":[{"embeddable":true,"href":"https:\/\/cobocookies.dsign.it\/es\/wp-json\/wp\/v2\/comments?post=21"}],"version-history":[{"count":1,"href":"https:\/\/cobocookies.dsign.it\/es\/wp-json\/wp\/v2\/pages\/21\/revisions"}],"predecessor-version":[{"id":23,"href":"https:\/\/cobocookies.dsign.it\/es\/wp-json\/wp\/v2\/pages\/21\/revisions\/23"}],"wp:attachment":[{"href":"https:\/\/cobocookies.dsign.it\/es\/wp-json\/wp\/v2\/media?parent=21"}],"curies":[{"name":"wp","href":"https:\/\/api.w.org\/{rel}","templated":true}]}}